{"id":5090,"date":"2024-07-21T12:47:28","date_gmt":"2024-07-21T12:47:28","guid":{"rendered":"https:\/\/soundsear.ch\/mentions-legales\/"},"modified":"2024-07-21T12:53:20","modified_gmt":"2024-07-21T12:53:20","slug":"mentions-legales","status":"publish","type":"page","link":"https:\/\/soundsear.ch\/fr\/mentions-legales\/","title":{"rendered":"Mentions l\u00e9gales"},"content":{"rendered":"<section class=\"l-section wpb_row us_custom_72fc42ef height_small\"><div class=\"l-section-h i-cf\"><div class=\"g-cols vc_row via_grid cols_1 laptops-cols_inherit tablets-cols_inherit mobiles-cols_1 valign_top type_default stacking_default\"><div class=\"wpb_column vc_column_container\"><div class=\"vc_column-inner\"><div class=\"wpb_text_column\"><div class=\"wpb_wrapper\"><p>soundsearch &#8211; sound effects and ambience sounds for multimedia,<br \/>\nPropri\u00e9taire: Sascha Fernsel, Parsevalstra\u00dfe 3, 12459 Berlin, Allemagne<\/p>\n<p>Num\u00e9ro de t\u00e9l\u00e9phone: +49 (0) 151-18101839<\/p>\n<p>E-Mail: kontakt@sonofaktur.de<\/p>\n<p>Num\u00e9ro d&rsquo;identification \u00e0 la TVA: DE 255 766 263<\/p>\n<p>Responsable du contenu: Sascha Fernsel, Adresse comme ci-dessus.<\/p>\n<p>Plate-forme de la Commission europ\u00e9enne pour le r\u00e8glement en ligne des litiges de consommation (OS) : https:\/\/ec.europa.eu\/consumers\/odr\/.<\/p>\n<p>Je ne suis pas dispos\u00e9 \u00e0 participer \u00e0 une proc\u00e9dure de r\u00e8glement des litiges devant un organisme de conciliation des consommateurs et n&rsquo;y suis pas tenu.<\/p>\n<\/div><\/div><\/div><\/div><\/div><\/div><\/section>\n","protected":false},"excerpt":{"rendered":"soundsearch &#8211; sound effects and ambience sounds for multimedia, Propri\u00e9taire: Sascha Fernsel, Parsevalstra\u00dfe 3, 12459 Berlin, Allemagne Num\u00e9ro de t\u00e9l\u00e9phone: +49 (0) 151-18101839 E-Mail: kontakt@sonofaktur.de Num\u00e9ro d&rsquo;identification \u00e0 la TVA: DE 255 766 263 Responsable du contenu: Sascha Fernsel, Adresse comme ci-dessus. Plate-forme de la Commission europ\u00e9enne pour le r\u00e8glement en ligne des litiges de...","protected":false},"author":1,"featured_media":0,"parent":0,"menu_order":0,"comment_status":"closed","ping_status":"closed","template":"","meta":{"footnotes":""},"class_list":["post-5090","page","type-page","status-publish","hentry"],"_links":{"self":[{"href":"https:\/\/soundsear.ch\/fr\/wp-json\/wp\/v2\/pages\/5090","targetHints":{"allow":["GET"]}}],"collection":[{"href":"https:\/\/soundsear.ch\/fr\/wp-json\/wp\/v2\/pages"}],"about":[{"href":"https:\/\/soundsear.ch\/fr\/wp-json\/wp\/v2\/types\/page"}],"author":[{"embeddable":true,"href":"https:\/\/soundsear.ch\/fr\/wp-json\/wp\/v2\/users\/1"}],"replies":[{"embeddable":true,"href":"https:\/\/soundsear.ch\/fr\/wp-json\/wp\/v2\/comments?post=5090"}],"version-history":[{"count":5,"href":"https:\/\/soundsear.ch\/fr\/wp-json\/wp\/v2\/pages\/5090\/revisions"}],"predecessor-version":[{"id":5098,"href":"https:\/\/soundsear.ch\/fr\/wp-json\/wp\/v2\/pages\/5090\/revisions\/5098"}],"wp:attachment":[{"href":"https:\/\/soundsear.ch\/fr\/wp-json\/wp\/v2\/media?parent=5090"}],"curies":[{"name":"wp","href":"https:\/\/api.w.org\/{rel}","templated":true}]}}