{"id":5093,"date":"2024-07-21T12:52:19","date_gmt":"2024-07-21T12:52:19","guid":{"rendered":"https:\/\/soundsear.ch\/pie-de-imprenta\/"},"modified":"2024-07-21T12:52:20","modified_gmt":"2024-07-21T12:52:20","slug":"pie-de-imprenta","status":"publish","type":"page","link":"https:\/\/soundsear.ch\/es\/pie-de-imprenta\/","title":{"rendered":"Pie de imprenta"},"content":{"rendered":"<section class=\"l-section wpb_row us_custom_72fc42ef height_small\"><div class=\"l-section-h i-cf\"><div class=\"g-cols vc_row via_grid cols_1 laptops-cols_inherit tablets-cols_inherit mobiles-cols_1 valign_top type_default stacking_default\"><div class=\"wpb_column vc_column_container\"><div class=\"vc_column-inner\"><div class=\"wpb_text_column\"><div class=\"wpb_wrapper\"><p>soundsearch &#8211; sound effects and ambience sounds for multimedia,<br \/>\nSoporte: Sascha Fernsel, Parsevalstra\u00dfe 3, 12459 Berlin, Alemania<\/p>\n<p>N\u00famero de tel\u00e9fono: +49 (0) 151-18101839<\/p>\n<p>e-mail: kontakt@sonofaktur.de<\/p>\n<p>N\u00famero de identificaci\u00f3n fiscal de las ventas: DE 255 766 263<\/p>\n<p>Responsable del contenido: Sascha Fernsel, Direcci\u00f3n como arriba.<\/p>\n<p>Plataforma de la Comisi\u00f3n Europea para la resoluci\u00f3n de litigios en l\u00ednea (OS) para los consumidores: https:\/\/ec.europa.eu\/consumers\/odr\/.<\/p>\n<p>No estoy dispuesto ni obligado a participar en un procedimiento de resoluci\u00f3n de litigios ante una junta arbitral de consumo.<\/p>\n<\/div><\/div><\/div><\/div><\/div><\/div><\/section>\n","protected":false},"excerpt":{"rendered":"soundsearch &#8211; sound effects and ambience sounds for multimedia, Soporte: Sascha Fernsel, Parsevalstra\u00dfe 3, 12459 Berlin, Alemania N\u00famero de tel\u00e9fono: +49 (0) 151-18101839 e-mail: kontakt@sonofaktur.de N\u00famero de identificaci\u00f3n fiscal de las ventas: DE 255 766 263 Responsable del contenido: Sascha Fernsel, Direcci\u00f3n como arriba. Plataforma de la Comisi\u00f3n Europea para la resoluci\u00f3n de litigios en...","protected":false},"author":1,"featured_media":0,"parent":0,"menu_order":0,"comment_status":"closed","ping_status":"closed","template":"","meta":{"footnotes":""},"class_list":["post-5093","page","type-page","status-publish","hentry"],"_links":{"self":[{"href":"https:\/\/soundsear.ch\/es\/wp-json\/wp\/v2\/pages\/5093","targetHints":{"allow":["GET"]}}],"collection":[{"href":"https:\/\/soundsear.ch\/es\/wp-json\/wp\/v2\/pages"}],"about":[{"href":"https:\/\/soundsear.ch\/es\/wp-json\/wp\/v2\/types\/page"}],"author":[{"embeddable":true,"href":"https:\/\/soundsear.ch\/es\/wp-json\/wp\/v2\/users\/1"}],"replies":[{"embeddable":true,"href":"https:\/\/soundsear.ch\/es\/wp-json\/wp\/v2\/comments?post=5093"}],"version-history":[{"count":2,"href":"https:\/\/soundsear.ch\/es\/wp-json\/wp\/v2\/pages\/5093\/revisions"}],"predecessor-version":[{"id":5095,"href":"https:\/\/soundsear.ch\/es\/wp-json\/wp\/v2\/pages\/5093\/revisions\/5095"}],"wp:attachment":[{"href":"https:\/\/soundsear.ch\/es\/wp-json\/wp\/v2\/media?parent=5093"}],"curies":[{"name":"wp","href":"https:\/\/api.w.org\/{rel}","templated":true}]}}